{"id":30632,"date":"2020-12-11T11:47:46","date_gmt":"2020-12-11T11:47:46","guid":{"rendered":"https:\/\/ekr.it\/work-with-us\/"},"modified":"2021-06-07T15:31:26","modified_gmt":"2021-06-07T15:31:26","slug":"trabaja-con-nosotros","status":"publish","type":"page","link":"https:\/\/ekr.it\/es\/trabaja-con-nosotros\/","title":{"rendered":"WORK_WITH_US"},"content":{"rendered":"<div class=\"fusion-fullwidth fullwidth-box fusion-builder-row-1 fusion-flex-container ekr_container nonhundred-percent-fullwidth hundred-percent-height hundred-percent-height-center-content non-hundred-percent-height-scrolling\" style=\"background-color:  rgba(255,255,255,0); background-position: center center; background-repeat: no-repeat; border-width:  0px 0px 0px 0px; border-color: rgba(0,0,0,0.08); border-style: solid; background-image: url(https:\/\/ekr.it\/wp-content\/uploads\/assets\/low\/work-with-us.jpg); background-size: cover; background-attachment: scroll; \" ><div class=\"fusion-builder-row fusion-row fusion-flex-align-items-center\" style=\"max-width:1248px;margin-left: calc(-4% \/ 2 );margin-right: calc(-4% \/ 2 );\"><div class=\"fusion-layout-column fusion_builder_column fusion-builder-column-0 fusion_builder_column_3_5 3_5 fusion-flex-column\"><div class=\"fusion-column-wrapper fusion-flex-justify-content-flex-start fusion-content-layout-column\" style=\"background-position:left top;background-repeat:no-repeat;-webkit-background-size:cover;-moz-background-size:cover;-o-background-size:cover;background-size:cover;padding: 0px 0px 0px 0px;\"><style type=\"text\/css\">@media only screen and (max-width:1024px) {.fusion-title.fusion-title-1{margin-top:12px!important;margin-bottom:12px!important;}}@media only screen and (max-width:640px) {.fusion-title.fusion-title-1{margin-top:12px!important;margin-bottom:12px!important;}}<\/style><div class=\"fusion-title title fusion-title-1 fusion-sep-none fusion-title-text fusion-title-size-five LavoraConNoi_Masterdata__Titolo\" style=\"margin-top:12px;margin-bottom:12px;\"><h5 class=\"title-heading-left\" style=\"margin:0;\"><span>Trabaja con nosotros<\/span><\/h5><\/div><style type=\"text\/css\">@media only screen and (max-width:1024px) {.fusion-title.fusion-title-2{margin-top:12px!important;margin-bottom:12px!important;}}@media only screen and (max-width:640px) {.fusion-title.fusion-title-2{margin-top:12px!important;margin-bottom:12px!important;}}<\/style><div class=\"fusion-title title fusion-title-2 fusion-sep-none fusion-title-text fusion-title-size-six LavoraConNoi_Masterdata__Short_intro\" style=\"margin-top:12px;margin-bottom:12px;\"><h6 class=\"title-heading-left\" style=\"margin:0;\"><span>EKR es una empresa din\u00e1mica que invierte fuertemente en recursos humanos<\/span><\/h6><\/div><\/div><\/div><style type=\"text\/css\">.fusion-body .fusion-builder-column-0{width:60% !important;margin-top : 0px;margin-bottom : 0px;}.fusion-builder-column-0 > .fusion-column-wrapper {padding-top : 0px !important;padding-right : 0px !important;margin-right : 3.2%;padding-bottom : 0px !important;padding-left : 0px !important;margin-left : 3.2%;}@media only screen and (max-width:1024px) {.fusion-body .fusion-builder-column-0{width:60% !important;order : 0;}.fusion-builder-column-0 > .fusion-column-wrapper {margin-right : 3.2%;margin-left : 3.2%;}}@media only screen and (max-width:640px) {.fusion-body .fusion-builder-column-0{width:100% !important;order : 0;}.fusion-builder-column-0 > .fusion-column-wrapper {margin-right : 1.92%;margin-left : 1.92%;}}<\/style><div class=\"fusion-layout-column fusion_builder_column fusion-builder-column-1 fusion_builder_column_2_5 2_5 fusion-flex-column\"><div class=\"fusion-column-wrapper fusion-flex-justify-content-flex-start fusion-content-layout-column\" style=\"background-position:left top;background-repeat:no-repeat;-webkit-background-size:cover;-moz-background-size:cover;-o-background-size:cover;background-size:cover;padding: 0px 0px 0px 0px;\"><input class='ekr_bind_to_container' type='hidden' data-ekr-container-background-image='https:\/\/ekr.it\/wp-content\/uploads\/assets\/low\/work-with-us.jpg' data-ekr-container-background-position='center center' data-ekr-container-background-repeat='no-repeat' data-ekr-container-background-size='cover' data-ekr-container-background-attachment='scroll' \/><\/div><\/div><style type=\"text\/css\">.fusion-body .fusion-builder-column-1{width:40% !important;margin-top : 0px;margin-bottom : 0px;}.fusion-builder-column-1 > .fusion-column-wrapper {padding-top : 0px !important;padding-right : 0px !important;margin-right : 4.8%;padding-bottom : 0px !important;padding-left : 0px !important;margin-left : 4.8%;}@media only screen and (max-width:1024px) {.fusion-body .fusion-builder-column-1{width:40% !important;order : 0;}.fusion-builder-column-1 > .fusion-column-wrapper {margin-right : 4.8%;margin-left : 4.8%;}}@media only screen and (max-width:640px) {.fusion-body .fusion-builder-column-1{width:100% !important;order : 0;}.fusion-builder-column-1 > .fusion-column-wrapper {margin-right : 1.92%;margin-left : 1.92%;}}<\/style><\/div><style type=\"text\/css\">.fusion-body .fusion-flex-container.fusion-builder-row-1{ padding-top : 0px;margin-top : 0px;padding-right : 25px;padding-bottom : 0px;margin-bottom : 0px;padding-left : 25px;}<\/style><\/div><div class=\"fusion-fullwidth fullwidth-box fusion-builder-row-2 fusion-flex-container nonhundred-percent-fullwidth non-hundred-percent-height-scrolling\" style=\"background-color: rgba(255,255,255,0);background-position: center center;background-repeat: no-repeat;border-width: 0px 0px 0px 0px;border-color:rgba(0,0,0,0.08);border-style:solid;\" ><div class=\"fusion-builder-row fusion-row fusion-flex-align-items-flex-start fusion-flex-justify-content-center\" style=\"max-width:1248px;margin-left: calc(-4% \/ 2 );margin-right: calc(-4% \/ 2 );\"><div class=\"fusion-layout-column fusion_builder_column fusion-builder-column-2 fusion_builder_column_3_4 3_4 fusion-flex-column\"><div class=\"fusion-column-wrapper fusion-flex-justify-content-flex-start fusion-content-layout-column\" style=\"background-position:left top;background-repeat:no-repeat;-webkit-background-size:cover;-moz-background-size:cover;-o-background-size:cover;background-size:cover;padding: 0px 0px 0px 0px;\"><div class=\"fusion-text fusion-text-1 Description__Testo\" style=\"transform:translate3d(0,0,0);\"><p><span>Aprender y crecer son nuestro \"mantra\", junto con la famosa frase \"qu\u00e9date con hambre, qu\u00e9date tonto\"<\/span><\/p> <p><span>La plataforma EKR Orchestra abarca muchas tecnolog\u00edas y lenguajes de desarrollo: desde SAP ABAP, SQL, Java, PHP + CSS, Javascript, XML + XSLT.<\/span><\/p> <p><span>EKR Orchestra involucra y explota muchas aplicaciones: Adobe InDesign Illustrator, Photoshop, XMLSpy, Excel, el mundo de Adobe AIR.<\/span><\/p> <p><span>Utiliza la plataforma WordPress de forma s\u00f3lida.<\/span><\/p> <p><span>En EKR hay espacio para <strong>Developers<\/strong> en varios idiomas, pero tambi\u00e9n para <strong>Content Strategist<\/strong> y consultores que conocen la plataforma, saben ense\u00f1arla, saben entrar en sinergia con los clientes, saben responder sus necesidades con la soluci\u00f3n tecnol\u00f3gica m\u00e1s conveniente.<\/span><\/p> <\/div><style type=\"text\/css\">@media only screen and (max-width:1024px) {.fusion-title.fusion-title-3{margin-top:12px!important;margin-bottom:12px!important;}}@media only screen and (max-width:640px) {.fusion-title.fusion-title-3{margin-top:12px!important;margin-bottom:12px!important;}}<\/style><div class=\"fusion-title title fusion-title-3 fusion-sep-none fusion-title-text fusion-title-size-four Description__Testo\" style=\"margin-top:12px;margin-bottom:12px;\"><h4 class=\"title-heading-left\" style=\"margin:0;\"><span>Si todo esto te intriga y crees que puedes aportar valor y extender tu carrera en este \"mundo\", \u00a1env\u00edanos tu CV!<\/span><\/h4><\/div><\/div><\/div><style type=\"text\/css\">.fusion-body .fusion-builder-column-2{width:75% !important;margin-top : 0px;margin-bottom : 0px;}.fusion-builder-column-2 > .fusion-column-wrapper {padding-top : 0px !important;padding-right : 0px !important;margin-right : 2.56%;padding-bottom : 0px !important;padding-left : 0px !important;margin-left : 2.56%;}@media only screen and (max-width:1024px) {.fusion-body .fusion-builder-column-2{width:75% !important;order : 0;}.fusion-builder-column-2 > .fusion-column-wrapper {margin-right : 2.56%;margin-left : 2.56%;}}@media only screen and (max-width:640px) {.fusion-body .fusion-builder-column-2{width:100% !important;order : 0;}.fusion-builder-column-2 > .fusion-column-wrapper {margin-right : 1.92%;margin-left : 1.92%;}}<\/style><\/div><style type=\"text\/css\">.fusion-body .fusion-flex-container.fusion-builder-row-2{ padding-top : 0px;margin-top : 30px;padding-right : 25px;padding-bottom : 0px;margin-bottom : 0px;padding-left : 25px;}<\/style><\/div><div class=\"fusion-fullwidth fullwidth-box fusion-builder-row-3 fusion-flex-container nonhundred-percent-fullwidth non-hundred-percent-height-scrolling\" style=\"background-color: rgba(255,255,255,0);background-position: center center;background-repeat: no-repeat;border-width: 0px 0px 0px 0px;border-color:rgba(0,0,0,0.08);border-style:solid;\" ><div class=\"fusion-builder-row fusion-row fusion-flex-align-items-flex-start fusion-flex-justify-content-center\" style=\"max-width:1248px;margin-left: calc(-4% \/ 2 );margin-right: calc(-4% \/ 2 );\"><div class=\"fusion-layout-column fusion_builder_column fusion-builder-column-3 fusion_builder_column_2_3 2_3 fusion-flex-column\"><div class=\"fusion-column-wrapper fusion-flex-justify-content-flex-start fusion-content-layout-column\" style=\"background-position:left top;background-repeat:no-repeat;-webkit-background-size:cover;-moz-background-size:cover;-o-background-size:cover;background-size:cover;padding: 0px 0px 0px 0px;\"> <div class=\"wpcf7 no-js\" id=\"wpcf7-f30685-o1\" lang=\"it-IT\" dir=\"ltr\" data-wpcf7-id=\"30685\"> <div class=\"screen-reader-response\"><p role=\"status\" aria-live=\"polite\" aria-atomic=\"true\"><\/p> <ul><\/ul><\/div> <form action=\"\/es\/wp-json\/wp\/v2\/pages\/30632#wpcf7-f30685-o1\" method=\"post\" class=\"wpcf7-form init\" aria-label=\"Modulo di contatto\" enctype=\"multipart\/form-data\" novalidate=\"novalidate\" data-status=\"init\"> <fieldset class=\"hidden-fields-container\"><input type=\"hidden\" name=\"_wpcf7\" value=\"30685\" \/><input type=\"hidden\" name=\"_wpcf7_version\" value=\"6.1.5\" \/><input type=\"hidden\" name=\"_wpcf7_locale\" value=\"it_IT\" \/><input type=\"hidden\" name=\"_wpcf7_unit_tag\" value=\"wpcf7-f30685-o1\" \/><input type=\"hidden\" name=\"_wpcf7_container_post\" value=\"0\" \/><input type=\"hidden\" name=\"_wpcf7_posted_data_hash\" value=\"\" \/><input type=\"hidden\" name=\"_wpcf7_recaptcha_response\" value=\"\" \/> <\/fieldset> <div id=\"responsive-form\" class=\"clearfix\"> \t<div class=\"form-row\"> \t\t<div class=\"column-half\"> \t\t\t<p><span class=\"fa fa-user\"><\/span><span class=\"wpcf7-form-control-wrap\" data-name=\"your-name\"><input size=\"40\" maxlength=\"400\" class=\"wpcf7-form-control wpcf7-text wpcf7-validates-as-required\" aria-required=\"true\" aria-invalid=\"false\" placeholder=\"Nombre\" value=\"\" type=\"text\" name=\"your-name\" \/><\/span> \t\t\t<\/p> \t\t<\/div> \t\t<div class=\"column-half\"> \t\t\t<p><span class=\"fa fa-user\"><\/span><span class=\"wpcf7-form-control-wrap\" data-name=\"your-last-name\"><input size=\"40\" maxlength=\"400\" class=\"wpcf7-form-control wpcf7-text wpcf7-validates-as-required\" aria-required=\"true\" aria-invalid=\"false\" placeholder=\"Apellido\" value=\"\" type=\"text\" name=\"your-last-name\" \/><\/span> \t\t\t<\/p> \t\t<\/div> \t<\/div> \t<div class=\"form-row\"> \t\t<div class=\"column-full\"> \t\t\t<p><span class=\"fa fa-envelope\"><\/span><span class=\"wpcf7-form-control-wrap\" data-name=\"Mail\"><input size=\"40\" maxlength=\"400\" class=\"wpcf7-form-control wpcf7-email wpcf7-validates-as-required wpcf7-text wpcf7-validates-as-email\" aria-required=\"true\" aria-invalid=\"false\" placeholder=\"Mail\" value=\"\" type=\"email\" name=\"Mail\" \/><\/span> \t\t\t<\/p> \t\t<\/div> \t<\/div> \t<div class=\"form-row\"> \t\t<div class=\"column-full\"> \t\t\t<p><span class=\"fa fa-comment\"><\/span><span class=\"wpcf7-form-control-wrap\" data-name=\"lettera-presentazione\"><textarea cols=\"40\" rows=\"10\" maxlength=\"2000\" class=\"wpcf7-form-control wpcf7-textarea wpcf7-validates-as-required\" aria-required=\"true\" aria-invalid=\"false\" placeholder=\"Escribe aqu\u00ed tu carta de presentaci\u00f3n\" name=\"lettera-presentazione\"><\/textarea><\/span> \t\t\t<\/p> \t\t<\/div> \t<\/div> \t<div class=\"form-row\"> \t\t<div class=\"column-full\"> \t\t<hr align=\"left\" size=\"1\" width=\"100%\" color=\"#d8d8d8\" noshade \/> \t\t<\/div> \t<\/div> \t<div class=\"form-row\"> \t\t<div class=\"column-full\"> \t\t\t<h4>Sube tu CV aqu\u00ed \t\t\t<\/h4> \t\t\t<p><span class=\"wpcf7-form-control-wrap\" data-name=\"uploadCV\"><input size=\"40\" class=\"wpcf7-form-control wpcf7-file wpcf7-validates-as-required\" accept=\".pdf\" aria-required=\"true\" aria-invalid=\"false\" type=\"file\" name=\"uploadCV\" \/><\/span> \t\t\t<\/p> \t\t<\/div> \t<\/div> \t<div class=\"form-row\"> \t\t<div class=\"column-full\"> \t\t<hr align=\"left\" size=\"1\" width=\"100%\" color=\"#d8d8d8\" noshade \/> \t\t<\/div> \t<\/div> \t<div class=\"form-row\"> \t\t<div class=\"column-full\"> \t\t\t<p><span class=\"wpcf7-form-control-wrap\" data-name=\"acceptance-checkbox\"><span class=\"wpcf7-form-control wpcf7-acceptance\"><span class=\"wpcf7-list-item\"><input type=\"checkbox\" name=\"acceptance-checkbox\" value=\"1\" aria-invalid=\"false\" \/><\/span><\/span><\/span> Declaro que he le\u00eddo <a href=https:\/\/ekr.it\/es\/privacy-policy>la pol\u00edtica de privacidad<\/a> y consiento el tratamiento de datos \t\t\t<\/p> \t\t<\/div> \t<\/div> \t<div class=\"form-row\"> \t\t<div class=\"column-half\"> \t\t\t<p><span class=\"wpcf7-form-control-wrap\" data-name=\"math-quiz\"><label><span class=\"wpcf7-quiz-label\">15+15=?<\/span> <input size=\"40\" class=\"wpcf7-form-control wpcf7-quiz\" autocomplete=\"off\" aria-required=\"true\" aria-invalid=\"false\" type=\"text\" name=\"math-quiz\" \/><\/label><input type=\"hidden\" name=\"_wpcf7_quiz_answer_math-quiz\" value=\"bd982d711e6091bfe57614cf85527f5c\" \/><\/span> \t\t\t<\/p> \t\t<\/div> \t<\/div> \t<div class=\"form-row\"> \t\t<div class=\"column-full\"> \t\t\t<center> \t\t\t\t<p><input class=\"wpcf7-form-control wpcf7-submit has-spinner\" id=\"Submit\" type=\"submit\" value=\"Enviar\" \/> \t\t\t\t<\/p> \t\t\t<\/center> \t\t<\/div> \t<\/div> <\/div><div class=\"fusion-alert alert custom alert-custom fusion-alert-center wpcf7-response-output alert-dismissable alert-shadow\" style=\"border-width:1px;\"><button type=\"button\" class=\"close toggle-alert\" data-dismiss=\"alert\" aria-hidden=\"true\">&times;<\/button><div class=\"fusion-alert-content-wrapper\"><span class=\"fusion-alert-content\"><\/span><\/div><\/div> <\/form> <\/div> <\/div><\/div><style type=\"text\/css\">.fusion-body .fusion-builder-column-3{width:66.666666666667% !important;margin-top : 0px;margin-bottom : 0px;}.fusion-builder-column-3 > .fusion-column-wrapper {padding-top : 0px !important;padding-right : 0px !important;margin-right : 2.88%;padding-bottom : 0px !important;padding-left : 0px !important;margin-left : 2.88%;}@media only screen and (max-width:1024px) {.fusion-body .fusion-builder-column-3{width:66.666666666667% !important;order : 0;}.fusion-builder-column-3 > .fusion-column-wrapper {margin-right : 2.88%;margin-left : 2.88%;}}@media only screen and (max-width:640px) {.fusion-body .fusion-builder-column-3{width:100% !important;order : 0;}.fusion-builder-column-3 > .fusion-column-wrapper {margin-right : 1.92%;margin-left : 1.92%;}}<\/style><\/div><style type=\"text\/css\">.fusion-body .fusion-flex-container.fusion-builder-row-3{ padding-top : 0px;margin-top : 0px;padding-right : 25px;padding-bottom : 0px;margin-bottom : 0px;padding-left : 25px;}<\/style><\/div><div class=\"fusion-fullwidth fullwidth-box fusion-builder-row-4 fusion-flex-container nonhundred-percent-fullwidth non-hundred-percent-height-scrolling\" style=\"background-color: rgba(255,255,255,0);background-position: center center;background-repeat: no-repeat;border-width: 0px 0px 0px 0px;border-color:rgba(0,0,0,0.08);border-style:solid;\" ><div class=\"fusion-builder-row fusion-row fusion-flex-align-items-flex-start fusion-flex-justify-content-center\" style=\"max-width:1248px;margin-left: calc(-4% \/ 2 );margin-right: calc(-4% \/ 2 );\"><div class=\"fusion-layout-column fusion_builder_column fusion-builder-column-4 fusion_builder_column_2_3 2_3 fusion-flex-column\"><div class=\"fusion-column-wrapper fusion-flex-justify-content-flex-start fusion-content-layout-column\" style=\"background-position:left top;background-repeat:no-repeat;-webkit-background-size:cover;-moz-background-size:cover;-o-background-size:cover;background-size:cover;padding: 0px 0px 0px 0px;\"><\/div><\/div><style type=\"text\/css\">.fusion-body .fusion-builder-column-4{width:66.666666666667% !important;margin-top : 0px;margin-bottom : 0px;}.fusion-builder-column-4 > .fusion-column-wrapper {padding-top : 0px !important;padding-right : 0px !important;margin-right : 2.88%;padding-bottom : 0px !important;padding-left : 0px !important;margin-left : 2.88%;}@media only screen and (max-width:1024px) {.fusion-body .fusion-builder-column-4{width:66.666666666667% !important;order : 0;}.fusion-builder-column-4 > .fusion-column-wrapper {margin-right : 2.88%;margin-left : 2.88%;}}@media only screen and (max-width:640px) {.fusion-body .fusion-builder-column-4{width:100% !important;order : 0;}.fusion-builder-column-4 > .fusion-column-wrapper {margin-right : 1.92%;margin-left : 1.92%;}}<\/style><\/div><style type=\"text\/css\">.fusion-body .fusion-flex-container.fusion-builder-row-4{ padding-top : 0px;margin-top : 0px;padding-right : 25px;padding-bottom : 0px;margin-bottom : 0px;padding-left : 25px;}<\/style><\/div>","protected":false},"excerpt":{"rendered":"","protected":false},"author":17,"featured_media":0,"parent":0,"menu_order":0,"comment_status":"closed","ping_status":"closed","template":"100-width.php","meta":{"footnotes":""},"class_list":["post-30632","page","type-page","status-publish","hentry"],"yoast_head":"<!-- This site is optimized with the Yoast SEO plugin v27.4 - https:\/\/yoast.com\/product\/yoast-seo-wordpress\/ -->\n<title>WORK_WITH_US - Portal PIM CMS DMS DAM PXM LMS all-in-one<\/title>\n<meta name=\"robots\" content=\"index, follow, max-snippet:-1, max-image-preview:large, max-video-preview:-1\" \/>\n<link rel=\"canonical\" href=\"https:\/\/ekr.it\/es\/trabaja-con-nosotros\/\" \/>\n<meta property=\"og:locale\" content=\"es_ES\" \/>\n<meta property=\"og:type\" content=\"article\" \/>\n<meta property=\"og:title\" content=\"WORK_WITH_US - Portal PIM CMS DMS DAM PXM LMS all-in-one\" \/>\n<meta property=\"og:url\" content=\"https:\/\/ekr.it\/es\/trabaja-con-nosotros\/\" \/>\n<meta property=\"og:site_name\" content=\"Portal PIM CMS DMS DAM PXM LMS all-in-one\" \/>\n<meta property=\"article:modified_time\" content=\"2021-06-07T15:31:26+00:00\" \/>\n<meta name=\"twitter:card\" content=\"summary_large_image\" \/>\n<meta name=\"twitter:label1\" content=\"Tiempo de lectura\" \/>\n\t<meta name=\"twitter:data1\" content=\"13 minutos\" \/>\n<script type=\"application\/ld+json\" class=\"yoast-schema-graph\">{\"@context\":\"https:\\\/\\\/schema.org\",\"@graph\":[{\"@type\":\"WebPage\",\"@id\":\"https:\\\/\\\/ekr.it\\\/es\\\/trabaja-con-nosotros\\\/\",\"url\":\"https:\\\/\\\/ekr.it\\\/es\\\/trabaja-con-nosotros\\\/\",\"name\":\"WORK_WITH_US - Portal PIM CMS DMS DAM PXM LMS all-in-one\",\"isPartOf\":{\"@id\":\"https:\\\/\\\/ekr.it\\\/#website\"},\"datePublished\":\"2020-12-11T11:47:46+00:00\",\"dateModified\":\"2021-06-07T15:31:26+00:00\",\"breadcrumb\":{\"@id\":\"https:\\\/\\\/ekr.it\\\/es\\\/trabaja-con-nosotros\\\/#breadcrumb\"},\"inLanguage\":\"es\",\"potentialAction\":[{\"@type\":\"ReadAction\",\"target\":[\"https:\\\/\\\/ekr.it\\\/es\\\/trabaja-con-nosotros\\\/\"]}]},{\"@type\":\"BreadcrumbList\",\"@id\":\"https:\\\/\\\/ekr.it\\\/es\\\/trabaja-con-nosotros\\\/#breadcrumb\",\"itemListElement\":[{\"@type\":\"ListItem\",\"position\":1,\"name\":\"Home\",\"item\":\"https:\\\/\\\/ekr.it\\\/es\\\/\"},{\"@type\":\"ListItem\",\"position\":2,\"name\":\"WORK_WITH_US\"}]},{\"@type\":\"WebSite\",\"@id\":\"https:\\\/\\\/ekr.it\\\/#website\",\"url\":\"https:\\\/\\\/ekr.it\\\/\",\"name\":\"Portal PIM CMS DMS DAM PXM LMS all-in-one\",\"description\":\"The correct info, everywhere\",\"publisher\":{\"@id\":\"https:\\\/\\\/ekr.it\\\/#organization\"},\"potentialAction\":[{\"@type\":\"SearchAction\",\"target\":{\"@type\":\"EntryPoint\",\"urlTemplate\":\"https:\\\/\\\/ekr.it\\\/?s={search_term_string}\"},\"query-input\":{\"@type\":\"PropertyValueSpecification\",\"valueRequired\":true,\"valueName\":\"search_term_string\"}}],\"inLanguage\":\"es\"},{\"@type\":\"Organization\",\"@id\":\"https:\\\/\\\/ekr.it\\\/#organization\",\"name\":\"EKR srl\",\"url\":\"https:\\\/\\\/ekr.it\\\/\",\"logo\":{\"@type\":\"ImageObject\",\"inLanguage\":\"es\",\"@id\":\"https:\\\/\\\/ekr.it\\\/#\\\/schema\\\/logo\\\/image\\\/\",\"url\":\"https:\\\/\\\/ekr.it\\\/wp-content\\\/uploads\\\/2021\\\/01\\\/EKR-Orchestra_logo_footer.jpg\",\"contentUrl\":\"https:\\\/\\\/ekr.it\\\/wp-content\\\/uploads\\\/2021\\\/01\\\/EKR-Orchestra_logo_footer.jpg\",\"width\":210,\"height\":89,\"caption\":\"EKR srl\"},\"image\":{\"@id\":\"https:\\\/\\\/ekr.it\\\/#\\\/schema\\\/logo\\\/image\\\/\"}}]}<\/script>\n<!-- \/ Yoast SEO plugin. -->","yoast_head_json":{"title":"WORK_WITH_US - Portal PIM CMS DMS DAM PXM LMS all-in-one","robots":{"index":"index","follow":"follow","max-snippet":"max-snippet:-1","max-image-preview":"max-image-preview:large","max-video-preview":"max-video-preview:-1"},"canonical":"https:\/\/ekr.it\/es\/trabaja-con-nosotros\/","og_locale":"es_ES","og_type":"article","og_title":"WORK_WITH_US - Portal PIM CMS DMS DAM PXM LMS all-in-one","og_url":"https:\/\/ekr.it\/es\/trabaja-con-nosotros\/","og_site_name":"Portal PIM CMS DMS DAM PXM LMS all-in-one","article_modified_time":"2021-06-07T15:31:26+00:00","twitter_card":"summary_large_image","twitter_misc":{"Tiempo de lectura":"13 minutos"},"schema":{"@context":"https:\/\/schema.org","@graph":[{"@type":"WebPage","@id":"https:\/\/ekr.it\/es\/trabaja-con-nosotros\/","url":"https:\/\/ekr.it\/es\/trabaja-con-nosotros\/","name":"WORK_WITH_US - Portal PIM CMS DMS DAM PXM LMS all-in-one","isPartOf":{"@id":"https:\/\/ekr.it\/#website"},"datePublished":"2020-12-11T11:47:46+00:00","dateModified":"2021-06-07T15:31:26+00:00","breadcrumb":{"@id":"https:\/\/ekr.it\/es\/trabaja-con-nosotros\/#breadcrumb"},"inLanguage":"es","potentialAction":[{"@type":"ReadAction","target":["https:\/\/ekr.it\/es\/trabaja-con-nosotros\/"]}]},{"@type":"BreadcrumbList","@id":"https:\/\/ekr.it\/es\/trabaja-con-nosotros\/#breadcrumb","itemListElement":[{"@type":"ListItem","position":1,"name":"Home","item":"https:\/\/ekr.it\/es\/"},{"@type":"ListItem","position":2,"name":"WORK_WITH_US"}]},{"@type":"WebSite","@id":"https:\/\/ekr.it\/#website","url":"https:\/\/ekr.it\/","name":"Portal PIM CMS DMS DAM PXM LMS all-in-one","description":"The correct info, everywhere","publisher":{"@id":"https:\/\/ekr.it\/#organization"},"potentialAction":[{"@type":"SearchAction","target":{"@type":"EntryPoint","urlTemplate":"https:\/\/ekr.it\/?s={search_term_string}"},"query-input":{"@type":"PropertyValueSpecification","valueRequired":true,"valueName":"search_term_string"}}],"inLanguage":"es"},{"@type":"Organization","@id":"https:\/\/ekr.it\/#organization","name":"EKR srl","url":"https:\/\/ekr.it\/","logo":{"@type":"ImageObject","inLanguage":"es","@id":"https:\/\/ekr.it\/#\/schema\/logo\/image\/","url":"https:\/\/ekr.it\/wp-content\/uploads\/2021\/01\/EKR-Orchestra_logo_footer.jpg","contentUrl":"https:\/\/ekr.it\/wp-content\/uploads\/2021\/01\/EKR-Orchestra_logo_footer.jpg","width":210,"height":89,"caption":"EKR srl"},"image":{"@id":"https:\/\/ekr.it\/#\/schema\/logo\/image\/"}}]}},"_links":{"self":[{"href":"https:\/\/ekr.it\/es\/wp-json\/wp\/v2\/pages\/30632","targetHints":{"allow":["GET"]}}],"collection":[{"href":"https:\/\/ekr.it\/es\/wp-json\/wp\/v2\/pages"}],"about":[{"href":"https:\/\/ekr.it\/es\/wp-json\/wp\/v2\/types\/page"}],"author":[{"embeddable":true,"href":"https:\/\/ekr.it\/es\/wp-json\/wp\/v2\/users\/17"}],"replies":[{"embeddable":true,"href":"https:\/\/ekr.it\/es\/wp-json\/wp\/v2\/comments?post=30632"}],"version-history":[{"count":1,"href":"https:\/\/ekr.it\/es\/wp-json\/wp\/v2\/pages\/30632\/revisions"}],"predecessor-version":[{"id":30689,"href":"https:\/\/ekr.it\/es\/wp-json\/wp\/v2\/pages\/30632\/revisions\/30689"}],"wp:attachment":[{"href":"https:\/\/ekr.it\/es\/wp-json\/wp\/v2\/media?parent=30632"}],"curies":[{"name":"wp","href":"https:\/\/api.w.org\/{rel}","templated":true}]}}