{"id":72634,"date":"2024-10-14T15:04:06","date_gmt":"2024-10-14T15:04:06","guid":{"rendered":"https:\/\/ekr.it\/ufficio-tecnico-la-tabella-di-manutenzione-preventiva\/"},"modified":"2024-10-14T15:04:06","modified_gmt":"2024-10-14T15:04:06","slug":"ufficio-tecnico-la-tabella-di-manutenzione-preventiva","status":"publish","type":"page","link":"https:\/\/ekr.it\/es\/ufficio-tecnico-la-tabella-di-manutenzione-preventiva\/","title":{"rendered":"Ufficio Tecnico: La Tabella di manutenzione preventiva"},"content":{"rendered":"<div class=\"fusion-fullwidth fullwidth-box fusion-builder-row-1 fusion-flex-container nonhundred-percent-fullwidth non-hundred-percent-height-scrolling\" style=\"background-color: rgba(255,255,255,0);background-position: center center;background-repeat: no-repeat;border-width: 0px 0px 0px 0px;border-color:rgba(0,0,0,0.08);border-style:solid;\" ><div class=\"fusion-builder-row fusion-row fusion-flex-align-items-flex-start\" style=\"max-width:1248px;margin-left: calc(-4% \/ 2 );margin-right: calc(-4% \/ 2 );\"><div class=\"fusion-layout-column fusion_builder_column fusion-builder-column-0 fusion_builder_column_1_1 1_1 fusion-flex-column\"><div class=\"fusion-column-wrapper fusion-flex-justify-content-flex-start fusion-content-layout-column\" style=\"background-position:left top;background-repeat:no-repeat;-webkit-background-size:cover;-moz-background-size:cover;-o-background-size:cover;background-size:cover;padding: 0px 0px 0px 0px;\"><div class=\"fusion-video fusion-selfhosted-video\" style=\"max-width:100%;\"><div class=\"video-wrapper\"><video playsinline=\"true\" width=\"100%\" style=\"object-fit: cover;\" autoplay=\"true\" muted=\"true\" loop=\"true\" preload=\"auto\" controls=\"1\"><source src=\"https:\/\/ekr.it\/wp-content\/uploads\/2024\/10\/tabella_di_manutenzione_preventiva_ufficio_tecnico_zh_cn.mp4\" type=\"video\/mp4\">Sorry, your browser doesn&#039;t support embedded videos.<\/video><\/div><\/div><style type=\"text\/css\">@media only screen and (max-width:1024px) {.fusion-title.fusion-title-1{margin-top:12px!important;margin-bottom:12px!important;}}@media only screen and (max-width:640px) {.fusion-title.fusion-title-1{margin-top:12px!important;margin-bottom:12px!important;}}<\/style><div class=\"fusion-title title fusion-title-1 fusion-sep-none fusion-title-center fusion-title-text fusion-title-size-one Insight_Masterdata__Titolo\" style=\"margin-top:12px;margin-bottom:12px;\"><h1 class=\"title-heading-center\" style=\"margin:0;\"><span>La tabla de mantenimiento preventivo<\/span><\/h1><\/div><div class=\"fusion-text fusion-text-1 Insight_Masterdata__Video_Transcript\" style=\"text-align:left;transform:translate3d(0,0,0);\"><p><span>Para cada m\u00e1quina producida, es esencial saber con precisi\u00f3n qu\u00e9 trabajos de mantenimiento preventivo son necesarios, con qu\u00e9 frecuencia, durante cu\u00e1nto tiempo y qu\u00e9 piezas de repuesto se necesitan.<\/span><\/p> <p><span>Adem\u00e1s, es imprescindible realizar una actividad previa de definici\u00f3n de cada parte funcional de la m\u00e1quina, en t\u00e9rminos de conjuntos, subconjuntos, componentes y elementos funcionales, sobre los que realizar las intervenciones.<\/span><\/p> <p><span>A veces, toda esta informaci\u00f3n s\u00f3lo figura en las tablas de mantenimiento de los manuales.<\/span><\/p> <p><span>Sin embargo, el valor de esta informaci\u00f3n es mucho mayor y puede utilizarse, por ejemplo, en la planificaci\u00f3n de servicios y mantenimiento, para conseguir nuevos negocios.<\/span><\/p> <p><span>EKR Orchestra permite abordar estas cuestiones de forma innovadora, estableciendo un proceso que optimiza la eficacia y la eficiencia.<\/span><\/p> <\/div><\/div><\/div><style type=\"text\/css\">.fusion-body .fusion-builder-column-0{width:100% !important;margin-top : 0px;margin-bottom : 0px;}.fusion-builder-column-0 > .fusion-column-wrapper {padding-top : 0px !important;padding-right : 0px !important;margin-right : 1.92%;padding-bottom : 0px !important;padding-left : 0px !important;margin-left : 1.92%;}@media only screen and (max-width:1024px) {.fusion-body .fusion-builder-column-0{width:100% !important;order : 0;}.fusion-builder-column-0 > .fusion-column-wrapper {margin-right : 1.92%;margin-left : 1.92%;}}@media only screen and (max-width:640px) {.fusion-body .fusion-builder-column-0{width:100% !important;order : 0;}.fusion-builder-column-0 > .fusion-column-wrapper {margin-right : 1.92%;margin-left : 1.92%;}}<\/style><\/div><style type=\"text\/css\">.fusion-body .fusion-flex-container.fusion-builder-row-1{ padding-top : 0px;margin-top : 0px;padding-right : 25px;padding-bottom : 0px;margin-bottom : 0px;padding-left : 25px;}<\/style><\/div>","protected":false},"excerpt":{"rendered":"","protected":false},"author":24,"featured_media":0,"parent":0,"menu_order":0,"comment_status":"closed","ping_status":"closed","template":"","meta":{"footnotes":""},"class_list":["post-72634","page","type-page","status-publish","hentry"],"yoast_head":"<!-- This site is optimized with the Yoast SEO plugin v27.3 - https:\/\/yoast.com\/product\/yoast-seo-wordpress\/ -->\n<title>Ufficio Tecnico: La Tabella di manutenzione preventiva - Portal PIM CMS DMS DAM PXM LMS all-in-one<\/title>\n<meta name=\"robots\" content=\"index, follow, max-snippet:-1, max-image-preview:large, max-video-preview:-1\" \/>\n<link rel=\"canonical\" href=\"https:\/\/ekr.it\/es\/ufficio-tecnico-la-tabella-di-manutenzione-preventiva\/\" \/>\n<meta property=\"og:locale\" content=\"es_ES\" \/>\n<meta property=\"og:type\" content=\"article\" \/>\n<meta property=\"og:title\" content=\"Ufficio Tecnico: La Tabella di manutenzione preventiva - Portal PIM CMS DMS DAM PXM LMS all-in-one\" \/>\n<meta property=\"og:url\" content=\"https:\/\/ekr.it\/es\/ufficio-tecnico-la-tabella-di-manutenzione-preventiva\/\" \/>\n<meta property=\"og:site_name\" content=\"Portal PIM CMS DMS DAM PXM LMS all-in-one\" \/>\n<meta name=\"twitter:card\" content=\"summary_large_image\" \/>\n<meta name=\"twitter:label1\" content=\"Tiempo de lectura\" \/>\n\t<meta name=\"twitter:data1\" content=\"4 minutos\" \/>\n<script type=\"application\/ld+json\" class=\"yoast-schema-graph\">{\"@context\":\"https:\\\/\\\/schema.org\",\"@graph\":[{\"@type\":\"WebPage\",\"@id\":\"https:\\\/\\\/ekr.it\\\/es\\\/ufficio-tecnico-la-tabella-di-manutenzione-preventiva\\\/\",\"url\":\"https:\\\/\\\/ekr.it\\\/es\\\/ufficio-tecnico-la-tabella-di-manutenzione-preventiva\\\/\",\"name\":\"Ufficio Tecnico: La Tabella di manutenzione preventiva - Portal PIM CMS DMS DAM PXM LMS all-in-one\",\"isPartOf\":{\"@id\":\"https:\\\/\\\/ekr.it\\\/#website\"},\"datePublished\":\"2024-10-14T15:04:06+00:00\",\"breadcrumb\":{\"@id\":\"https:\\\/\\\/ekr.it\\\/es\\\/ufficio-tecnico-la-tabella-di-manutenzione-preventiva\\\/#breadcrumb\"},\"inLanguage\":\"es\",\"potentialAction\":[{\"@type\":\"ReadAction\",\"target\":[\"https:\\\/\\\/ekr.it\\\/es\\\/ufficio-tecnico-la-tabella-di-manutenzione-preventiva\\\/\"]}]},{\"@type\":\"BreadcrumbList\",\"@id\":\"https:\\\/\\\/ekr.it\\\/es\\\/ufficio-tecnico-la-tabella-di-manutenzione-preventiva\\\/#breadcrumb\",\"itemListElement\":[{\"@type\":\"ListItem\",\"position\":1,\"name\":\"Home\",\"item\":\"https:\\\/\\\/ekr.it\\\/es\\\/\"},{\"@type\":\"ListItem\",\"position\":2,\"name\":\"Ufficio Tecnico: La Tabella di manutenzione preventiva\"}]},{\"@type\":\"WebSite\",\"@id\":\"https:\\\/\\\/ekr.it\\\/#website\",\"url\":\"https:\\\/\\\/ekr.it\\\/\",\"name\":\"Portal PIM CMS DMS DAM PXM LMS all-in-one\",\"description\":\"The correct info, everywhere\",\"publisher\":{\"@id\":\"https:\\\/\\\/ekr.it\\\/#organization\"},\"potentialAction\":[{\"@type\":\"SearchAction\",\"target\":{\"@type\":\"EntryPoint\",\"urlTemplate\":\"https:\\\/\\\/ekr.it\\\/?s={search_term_string}\"},\"query-input\":{\"@type\":\"PropertyValueSpecification\",\"valueRequired\":true,\"valueName\":\"search_term_string\"}}],\"inLanguage\":\"es\"},{\"@type\":\"Organization\",\"@id\":\"https:\\\/\\\/ekr.it\\\/#organization\",\"name\":\"EKR srl\",\"url\":\"https:\\\/\\\/ekr.it\\\/\",\"logo\":{\"@type\":\"ImageObject\",\"inLanguage\":\"es\",\"@id\":\"https:\\\/\\\/ekr.it\\\/#\\\/schema\\\/logo\\\/image\\\/\",\"url\":\"https:\\\/\\\/ekr.it\\\/wp-content\\\/uploads\\\/2021\\\/01\\\/EKR-Orchestra_logo_footer.jpg\",\"contentUrl\":\"https:\\\/\\\/ekr.it\\\/wp-content\\\/uploads\\\/2021\\\/01\\\/EKR-Orchestra_logo_footer.jpg\",\"width\":210,\"height\":89,\"caption\":\"EKR srl\"},\"image\":{\"@id\":\"https:\\\/\\\/ekr.it\\\/#\\\/schema\\\/logo\\\/image\\\/\"}}]}<\/script>\n<!-- \/ Yoast SEO plugin. -->","yoast_head_json":{"title":"Ufficio Tecnico: La Tabella di manutenzione preventiva - Portal PIM CMS DMS DAM PXM LMS all-in-one","robots":{"index":"index","follow":"follow","max-snippet":"max-snippet:-1","max-image-preview":"max-image-preview:large","max-video-preview":"max-video-preview:-1"},"canonical":"https:\/\/ekr.it\/es\/ufficio-tecnico-la-tabella-di-manutenzione-preventiva\/","og_locale":"es_ES","og_type":"article","og_title":"Ufficio Tecnico: La Tabella di manutenzione preventiva - Portal PIM CMS DMS DAM PXM LMS all-in-one","og_url":"https:\/\/ekr.it\/es\/ufficio-tecnico-la-tabella-di-manutenzione-preventiva\/","og_site_name":"Portal PIM CMS DMS DAM PXM LMS all-in-one","twitter_card":"summary_large_image","twitter_misc":{"Tiempo de lectura":"4 minutos"},"schema":{"@context":"https:\/\/schema.org","@graph":[{"@type":"WebPage","@id":"https:\/\/ekr.it\/es\/ufficio-tecnico-la-tabella-di-manutenzione-preventiva\/","url":"https:\/\/ekr.it\/es\/ufficio-tecnico-la-tabella-di-manutenzione-preventiva\/","name":"Ufficio Tecnico: La Tabella di manutenzione preventiva - Portal PIM CMS DMS DAM PXM LMS all-in-one","isPartOf":{"@id":"https:\/\/ekr.it\/#website"},"datePublished":"2024-10-14T15:04:06+00:00","breadcrumb":{"@id":"https:\/\/ekr.it\/es\/ufficio-tecnico-la-tabella-di-manutenzione-preventiva\/#breadcrumb"},"inLanguage":"es","potentialAction":[{"@type":"ReadAction","target":["https:\/\/ekr.it\/es\/ufficio-tecnico-la-tabella-di-manutenzione-preventiva\/"]}]},{"@type":"BreadcrumbList","@id":"https:\/\/ekr.it\/es\/ufficio-tecnico-la-tabella-di-manutenzione-preventiva\/#breadcrumb","itemListElement":[{"@type":"ListItem","position":1,"name":"Home","item":"https:\/\/ekr.it\/es\/"},{"@type":"ListItem","position":2,"name":"Ufficio Tecnico: La Tabella di manutenzione preventiva"}]},{"@type":"WebSite","@id":"https:\/\/ekr.it\/#website","url":"https:\/\/ekr.it\/","name":"Portal PIM CMS DMS DAM PXM LMS all-in-one","description":"The correct info, everywhere","publisher":{"@id":"https:\/\/ekr.it\/#organization"},"potentialAction":[{"@type":"SearchAction","target":{"@type":"EntryPoint","urlTemplate":"https:\/\/ekr.it\/?s={search_term_string}"},"query-input":{"@type":"PropertyValueSpecification","valueRequired":true,"valueName":"search_term_string"}}],"inLanguage":"es"},{"@type":"Organization","@id":"https:\/\/ekr.it\/#organization","name":"EKR srl","url":"https:\/\/ekr.it\/","logo":{"@type":"ImageObject","inLanguage":"es","@id":"https:\/\/ekr.it\/#\/schema\/logo\/image\/","url":"https:\/\/ekr.it\/wp-content\/uploads\/2021\/01\/EKR-Orchestra_logo_footer.jpg","contentUrl":"https:\/\/ekr.it\/wp-content\/uploads\/2021\/01\/EKR-Orchestra_logo_footer.jpg","width":210,"height":89,"caption":"EKR srl"},"image":{"@id":"https:\/\/ekr.it\/#\/schema\/logo\/image\/"}}]}},"_links":{"self":[{"href":"https:\/\/ekr.it\/es\/wp-json\/wp\/v2\/pages\/72634","targetHints":{"allow":["GET"]}}],"collection":[{"href":"https:\/\/ekr.it\/es\/wp-json\/wp\/v2\/pages"}],"about":[{"href":"https:\/\/ekr.it\/es\/wp-json\/wp\/v2\/types\/page"}],"author":[{"embeddable":true,"href":"https:\/\/ekr.it\/es\/wp-json\/wp\/v2\/users\/24"}],"replies":[{"embeddable":true,"href":"https:\/\/ekr.it\/es\/wp-json\/wp\/v2\/comments?post=72634"}],"version-history":[{"count":0,"href":"https:\/\/ekr.it\/es\/wp-json\/wp\/v2\/pages\/72634\/revisions"}],"wp:attachment":[{"href":"https:\/\/ekr.it\/es\/wp-json\/wp\/v2\/media?parent=72634"}],"curies":[{"name":"wp","href":"https:\/\/api.w.org\/{rel}","templated":true}]}}